{"id":1119,"date":"2024-10-07T11:26:39","date_gmt":"2024-10-07T11:26:39","guid":{"rendered":"https:\/\/zafferanoticinus.it\/prodotto\/safranblueten-1-g\/"},"modified":"2025-03-31T06:50:18","modified_gmt":"2025-03-31T06:50:18","slug":"safranblueten-1-g","status":"publish","type":"product","link":"https:\/\/zafferanoticinus.it\/de\/prodotto\/safranblueten-1-g\/","title":{"rendered":"Safranbl\u00fcten &#8211; 1 g"},"content":{"rendered":"<p>[et_pb_section fb_built=&#8220;1&#8243; _builder_version=&#8220;4.17.3&#8243; max_width=&#8220;80%&#8220; module_alignment=&#8220;center&#8220; custom_margin=&#8220;90px||||false|false&#8220; custom_margin_tablet=&#8220;80px||||false|false&#8220; custom_margin_phone=&#8220;80px||||false|false&#8220; custom_margin_last_edited=&#8220;on|desktop&#8220; custom_padding=&#8220;6vw||||false|false&#8220; global_colors_info=&#8220;{}&#8220;][et_pb_row _builder_version=&#8220;4.16&#8243; background_size=&#8220;initial&#8220; background_position=&#8220;top_left&#8220; background_repeat=&#8220;repeat&#8220; width=&#8220;100%&#8220; custom_padding=&#8220;0px||0px||false|false&#8220; global_colors_info=&#8220;{}&#8220;][et_pb_column type=&#8220;4_4&#8243; _builder_version=&#8220;4.16&#8243; custom_padding=&#8220;|||&#8220; global_colors_info=&#8220;{}&#8220; custom_padding__hover=&#8220;|||&#8220;][et_pb_wc_cart_notice _builder_version=&#8220;4.27.2&#8243; title_font=&#8220;Montserrat||||||||&#8220; title_font_size=&#8220;16px&#8220; title_line_height=&#8220;2.8em&#8220; background_color=&#8220;#ba9658&#8243; custom_button=&#8220;on&#8220; button_text_size=&#8220;14px&#8220; button_text_color=&#8220;#ba9658&#8243; button_border_width=&#8220;0px&#8220; button_border_radius=&#8220;20px&#8220; button_use_icon=&#8220;off&#8220; custom_padding=&#8220;10px|15px|10px|15px|false|false&#8220; border_radii=&#8220;on|10px|10px|10px|10px&#8220; global_colors_info=&#8220;{}&#8220;][\/et_pb_wc_cart_notice][\/et_pb_column][\/et_pb_row][et_pb_row _builder_version=&#8220;4.27.2&#8243; background_size=&#8220;initial&#8220; background_position=&#8220;top_left&#8220; background_repeat=&#8220;repeat&#8220; width=&#8220;100%&#8220; custom_padding=&#8220;0px||||false|false&#8220; border_width_bottom=&#8220;1px&#8220; border_color_bottom=&#8220;#ba9658&#8243; global_colors_info=&#8220;{}&#8220;][et_pb_column type=&#8220;4_4&#8243; _builder_version=&#8220;4.16&#8243; custom_padding=&#8220;|||&#8220; global_colors_info=&#8220;{}&#8220; custom_padding__hover=&#8220;|||&#8220;][et_pb_text content_tablet=&#8220;<\/p>\n<h1>Safranstempel ~ 1 g P\u00e4ckchen<\/h1>\n<p>&#8220; content_phone=&#8220;<\/p>\n<h1>\nSafranstempel 1 g P\u00e4ckchen<\/h1>\n<p>&#8220; content_last_edited=&#8220;on|phone&#8220; _builder_version=&#8220;4.27.2&#8243; _module_preset=&#8220;default&#8220; text_font=&#8220;Shippori Mincho||||||||&#8220; header_font_size=&#8220;32px&#8220; header_line_height=&#8220;1.2em&#8220; header_font_size_tablet=&#8220;30px&#8220; header_font_size_phone=&#8220;28px&#8220; header_font_size_last_edited=&#8220;on|desktop&#8220; locked=&#8220;off&#8220; global_colors_info=&#8220;{}&#8220;]<\/p>\n<h1>Safranstempel ~ 1 g P\u00e4ckchen<\/h1>\n<p>[\/et_pb_text][\/et_pb_column][\/et_pb_row][et_pb_row column_structure=&#8220;1_2,1_2&#8243; _builder_version=&#8220;4.27.2&#8243; background_size=&#8220;initial&#8220; background_position=&#8220;top_left&#8220; background_repeat=&#8220;repeat&#8220; width=&#8220;100%&#8220; custom_padding=&#8220;||||false|false&#8220; global_colors_info=&#8220;{}&#8220;][et_pb_column type=&#8220;1_2&#8243; _builder_version=&#8220;4.16&#8243; custom_padding=&#8220;|||&#8220; global_colors_info=&#8220;{}&#8220; custom_padding__hover=&#8220;|||&#8220;][et_pb_wc_images _builder_version=&#8220;4.27.2&#8243; global_colors_info=&#8220;{}&#8220;][\/et_pb_wc_images][\/et_pb_column][et_pb_column type=&#8220;1_2&#8243; _builder_version=&#8220;4.16&#8243; custom_padding=&#8220;|||&#8220; global_colors_info=&#8220;{}&#8220; custom_padding__hover=&#8220;|||&#8220;][et_pb_wc_description _builder_version=&#8220;4.27.2&#8243; body_font=&#8220;Montserrat||||||||&#8220; body_text_color=&#8220;#000000&#8243; global_colors_info=&#8220;{}&#8220;][\/et_pb_wc_description][et_pb_wc_price _builder_version=&#8220;4.27.2&#8243; body_font=&#8220;Montserrat|600|||||||&#8220; body_text_color=&#8220;#ba9658&#8243; global_colors_info=&#8220;{}&#8220;][\/et_pb_wc_price][et_pb_wc_add_to_cart show_stock=&#8220;off&#8220; field_label_position=&#8220;inline&#8220; _builder_version=&#8220;4.27.2&#8243; fields_text_color=&#8220;#ba9658&#8243; field_label_font=&#8220;Montserrat|700|||||||&#8220; field_label_text_align=&#8220;center&#8220; field_label_text_color=&#8220;#FFFFFF&#8220; fields_font=&#8220;Montserrat|700|||||||&#8220; custom_button=&#8220;on&#8220; button_text_size=&#8220;16px&#8220; button_text_color=&#8220;#ffffff&#8220; button_bg_color=&#8220;#ba9658&#8243; button_border_width=&#8220;0px&#8220; button_border_radius=&#8220;20px&#8220; button_font=&#8220;Montserrat|600|||||||&#8220; custom_padding=&#8220;||||false|false&#8220; border_radii_fields=&#8220;on|20px|20px|20px|20px&#8220; global_colors_info=&#8220;{}&#8220;][\/et_pb_wc_add_to_cart][\/et_pb_column][\/et_pb_row][\/et_pb_section]<\/p>\n","protected":false},"excerpt":{"rendered":"<p>Entdecken Sie den authentischen Geschmack von Safranstempeln, der mit seinen wohltuenden Eigenschaften eines der meistgesch\u00e4tzten Gew\u00fcrze der Welt ist. Safran ist f\u00fcr seine charakteristische goldene Farbe und sein unverwechselbares Aroma bekannt und ist reich an Antioxidantien, Vitaminen und Mineralien. Die <strong>Qualit\u00e4t der Bl\u00fctenstempel ist entscheidend, um ein Maximum an organoleptischen Eigenschaften zu erhalten<\/strong>, was ihn zu einer unverzichtbaren Zutat f\u00fcr alle macht, die ein kulinarisches Erlebnis auf hohem Niveau suchen.  <\/p>\n<p><strong>Ideal f\u00fcr:<\/strong> feine Zubereitungen wie Risottos, Pasta, Saucen und Desserts. Auch perfekt f\u00fcr Aufg\u00fcsse und Kr\u00e4utertees. <\/p>\n<p><strong>Modalit\u00e4ten der Verwendung:<\/strong> geben Sie die Stigmen in eine Tasse mit sehr hei\u00dfem (niemals kochendem) Wasser. Sie k\u00f6nnen auch Br\u00fche oder Milch anstelle von Wasser verwenden. Bedecken Sie das Wasser und lassen Sie es mindestens 60 Minuten ziehen (wenn Sie die M\u00f6glichkeit haben, es 6-8 Stunden ziehen zu lassen, ist das Ergebnis optimal). Gie\u00dfen Sie alles in Ihr Rezept, wenn m\u00f6glich am Ende der Kochzeit, damit der Safran nicht kocht. Wenn Sie den Aufguss nicht sofort verwenden, k\u00f6nnen Sie ihn bis zu 48 Stunden im K\u00fchlschrank aufbewahren.    <\/p>\n<p><strong>Portionen:<\/strong> die erforderliche Dosis h\u00e4ngt nat\u00fcrlich vom Rezept ab, f\u00fcr ein gutes Risotto empfehlen wir mindestens 5-6 Stigmen pro Portion.<\/p>\n<p><strong>Gewicht:<\/strong> 1 Gramm.<\/p>\n","protected":false},"featured_media":919,"template":"","meta":{"_et_pb_use_builder":"on","_et_pb_old_content":"","_et_gb_content_width":"","inline_featured_image":false},"product_brand":[],"product_cat":[41],"product_tag":[],"class_list":{"0":"post-1119","1":"product","2":"type-product","3":"status-publish","4":"has-post-thumbnail","6":"product_cat-safran","8":"first","9":"instock","10":"shipping-taxable","11":"purchasable","12":"product-type-simple"},"yoast_head":"<!-- This site is optimized with the Yoast SEO plugin v26.8 - https:\/\/yoast.com\/product\/yoast-seo-wordpress\/ -->\n<title>Safranbl\u00fcten - 1 g - Zafferano Ticinus<\/title>\n<meta name=\"robots\" content=\"index, follow, max-snippet:-1, max-image-preview:large, max-video-preview:-1\" \/>\n<link rel=\"canonical\" href=\"https:\/\/zafferanoticinus.it\/de\/prodotto\/safranblueten-1-g\/\" \/>\n<meta property=\"og:locale\" content=\"de_DE\" \/>\n<meta property=\"og:type\" content=\"article\" \/>\n<meta property=\"og:title\" content=\"Safranbl\u00fcten - 1 g - Zafferano Ticinus\" \/>\n<meta property=\"og:description\" content=\"Entdecken Sie den authentischen Geschmack von Safranstempeln, der mit seinen wohltuenden Eigenschaften eines der meistgesch\u00e4tzten Gew\u00fcrze der Welt ist. Safran ist f\u00fcr seine charakteristische goldene Farbe und sein unverwechselbares Aroma bekannt und ist reich an Antioxidantien, Vitaminen und Mineralien. Die Qualit\u00e4t der Bl\u00fctenstempel ist entscheidend, um ein Maximum an organoleptischen Eigenschaften zu erhalten, was ihn zu einer unverzichtbaren Zutat f\u00fcr alle macht, die ein kulinarisches Erlebnis auf hohem Niveau suchen.  Ideal f\u00fcr: feine Zubereitungen wie Risottos, Pasta, Saucen und Desserts. Auch perfekt f\u00fcr Aufg\u00fcsse und Kr\u00e4utertees.  Modalit\u00e4ten der Verwendung: geben Sie die Stigmen in eine Tasse mit sehr hei\u00dfem (niemals kochendem) Wasser. Sie k\u00f6nnen auch Br\u00fche oder Milch anstelle von Wasser verwenden. Bedecken Sie das Wasser und lassen Sie es mindestens 60 Minuten ziehen (wenn Sie die M\u00f6glichkeit haben, es 6-8 Stunden ziehen zu lassen, ist das Ergebnis optimal). Gie\u00dfen Sie alles in Ihr Rezept, wenn m\u00f6glich am Ende der Kochzeit, damit der Safran nicht kocht. Wenn Sie den Aufguss nicht sofort verwenden, k\u00f6nnen Sie ihn bis zu 48 Stunden im K\u00fchlschrank aufbewahren.   Portionen: die erforderliche Dosis h\u00e4ngt nat\u00fcrlich vom Rezept ab, f\u00fcr ein gutes Risotto empfehlen wir mindestens 5-6 Stigmen pro Portion. Gewicht: 1 Gramm.\" \/>\n<meta property=\"og:url\" content=\"https:\/\/zafferanoticinus.it\/de\/prodotto\/safranblueten-1-g\/\" \/>\n<meta property=\"og:site_name\" content=\"Zafferano Ticinus\" \/>\n<meta property=\"article:modified_time\" content=\"2025-03-31T06:50:18+00:00\" \/>\n<meta property=\"og:image\" content=\"https:\/\/zafferanoticinus.it\/wp-content\/uploads\/2024\/10\/Zafferano-5.jpg\" \/>\n\t<meta property=\"og:image:width\" content=\"1300\" \/>\n\t<meta property=\"og:image:height\" content=\"900\" \/>\n\t<meta property=\"og:image:type\" content=\"image\/jpeg\" \/>\n<meta name=\"twitter:card\" content=\"summary_large_image\" \/>\n<meta name=\"twitter:label1\" content=\"Gesch\u00e4tzte Lesezeit\" \/>\n\t<meta name=\"twitter:data1\" content=\"2\u00a0Minuten\" \/>\n<script type=\"application\/ld+json\" class=\"yoast-schema-graph\">{\"@context\":\"https:\/\/schema.org\",\"@graph\":[{\"@type\":\"WebPage\",\"@id\":\"https:\/\/zafferanoticinus.it\/de\/prodotto\/safranblueten-1-g\/\",\"url\":\"https:\/\/zafferanoticinus.it\/de\/prodotto\/safranblueten-1-g\/\",\"name\":\"Safranbl\u00fcten - 1 g - Zafferano Ticinus\",\"isPartOf\":{\"@id\":\"https:\/\/zafferanoticinus.it\/en\/#website\"},\"primaryImageOfPage\":{\"@id\":\"https:\/\/zafferanoticinus.it\/de\/prodotto\/safranblueten-1-g\/#primaryimage\"},\"image\":{\"@id\":\"https:\/\/zafferanoticinus.it\/de\/prodotto\/safranblueten-1-g\/#primaryimage\"},\"thumbnailUrl\":\"https:\/\/zafferanoticinus.it\/wp-content\/uploads\/2024\/10\/Zafferano-5.jpg\",\"datePublished\":\"2024-10-07T11:26:39+00:00\",\"dateModified\":\"2025-03-31T06:50:18+00:00\",\"breadcrumb\":{\"@id\":\"https:\/\/zafferanoticinus.it\/de\/prodotto\/safranblueten-1-g\/#breadcrumb\"},\"inLanguage\":\"de\",\"potentialAction\":[{\"@type\":\"ReadAction\",\"target\":[\"https:\/\/zafferanoticinus.it\/de\/prodotto\/safranblueten-1-g\/\"]}]},{\"@type\":\"ImageObject\",\"inLanguage\":\"de\",\"@id\":\"https:\/\/zafferanoticinus.it\/de\/prodotto\/safranblueten-1-g\/#primaryimage\",\"url\":\"https:\/\/zafferanoticinus.it\/wp-content\/uploads\/2024\/10\/Zafferano-5.jpg\",\"contentUrl\":\"https:\/\/zafferanoticinus.it\/wp-content\/uploads\/2024\/10\/Zafferano-5.jpg\",\"width\":1300,\"height\":900,\"caption\":\"Ticinus Safran Packung\"},{\"@type\":\"BreadcrumbList\",\"@id\":\"https:\/\/zafferanoticinus.it\/de\/prodotto\/safranblueten-1-g\/#breadcrumb\",\"itemListElement\":[{\"@type\":\"ListItem\",\"position\":1,\"name\":\"Home\",\"item\":\"https:\/\/zafferanoticinus.it\/de\/\"},{\"@type\":\"ListItem\",\"position\":2,\"name\":\"Shop\",\"item\":\"https:\/\/zafferanoticinus.it\/de\/shop\/\"},{\"@type\":\"ListItem\",\"position\":3,\"name\":\"Safranbl\u00fcten &#8211; 1 g\"}]},{\"@type\":\"WebSite\",\"@id\":\"https:\/\/zafferanoticinus.it\/en\/#website\",\"url\":\"https:\/\/zafferanoticinus.it\/en\/\",\"name\":\"Zafferano Ticinus\",\"description\":\"Zafferano in pistilli\",\"publisher\":{\"@id\":\"https:\/\/zafferanoticinus.it\/en\/#organization\"},\"potentialAction\":[{\"@type\":\"SearchAction\",\"target\":{\"@type\":\"EntryPoint\",\"urlTemplate\":\"https:\/\/zafferanoticinus.it\/en\/?s={search_term_string}\"},\"query-input\":{\"@type\":\"PropertyValueSpecification\",\"valueRequired\":true,\"valueName\":\"search_term_string\"}}],\"inLanguage\":\"de\"},{\"@type\":\"Organization\",\"@id\":\"https:\/\/zafferanoticinus.it\/en\/#organization\",\"name\":\"Zafferano Ticinus\",\"url\":\"https:\/\/zafferanoticinus.it\/en\/\",\"logo\":{\"@type\":\"ImageObject\",\"inLanguage\":\"de\",\"@id\":\"https:\/\/zafferanoticinus.it\/en\/#\/schema\/logo\/image\/\",\"url\":\"https:\/\/zafferanoticinus.it\/wp-content\/uploads\/2024\/07\/Logo.png\",\"contentUrl\":\"https:\/\/zafferanoticinus.it\/wp-content\/uploads\/2024\/07\/Logo.png\",\"width\":572,\"height\":367,\"caption\":\"Zafferano Ticinus\"},\"image\":{\"@id\":\"https:\/\/zafferanoticinus.it\/en\/#\/schema\/logo\/image\/\"},\"sameAs\":[\"https:\/\/www.instagram.com\/zafferano_ticinus\/\"]}]}<\/script>\n<!-- \/ Yoast SEO plugin. -->","yoast_head_json":{"title":"Safranbl\u00fcten - 1 g - Zafferano Ticinus","robots":{"index":"index","follow":"follow","max-snippet":"max-snippet:-1","max-image-preview":"max-image-preview:large","max-video-preview":"max-video-preview:-1"},"canonical":"https:\/\/zafferanoticinus.it\/de\/prodotto\/safranblueten-1-g\/","og_locale":"de_DE","og_type":"article","og_title":"Safranbl\u00fcten - 1 g - Zafferano Ticinus","og_description":"Entdecken Sie den authentischen Geschmack von Safranstempeln, der mit seinen wohltuenden Eigenschaften eines der meistgesch\u00e4tzten Gew\u00fcrze der Welt ist. Safran ist f\u00fcr seine charakteristische goldene Farbe und sein unverwechselbares Aroma bekannt und ist reich an Antioxidantien, Vitaminen und Mineralien. Die Qualit\u00e4t der Bl\u00fctenstempel ist entscheidend, um ein Maximum an organoleptischen Eigenschaften zu erhalten, was ihn zu einer unverzichtbaren Zutat f\u00fcr alle macht, die ein kulinarisches Erlebnis auf hohem Niveau suchen.  Ideal f\u00fcr: feine Zubereitungen wie Risottos, Pasta, Saucen und Desserts. Auch perfekt f\u00fcr Aufg\u00fcsse und Kr\u00e4utertees.  Modalit\u00e4ten der Verwendung: geben Sie die Stigmen in eine Tasse mit sehr hei\u00dfem (niemals kochendem) Wasser. Sie k\u00f6nnen auch Br\u00fche oder Milch anstelle von Wasser verwenden. Bedecken Sie das Wasser und lassen Sie es mindestens 60 Minuten ziehen (wenn Sie die M\u00f6glichkeit haben, es 6-8 Stunden ziehen zu lassen, ist das Ergebnis optimal). Gie\u00dfen Sie alles in Ihr Rezept, wenn m\u00f6glich am Ende der Kochzeit, damit der Safran nicht kocht. Wenn Sie den Aufguss nicht sofort verwenden, k\u00f6nnen Sie ihn bis zu 48 Stunden im K\u00fchlschrank aufbewahren.   Portionen: die erforderliche Dosis h\u00e4ngt nat\u00fcrlich vom Rezept ab, f\u00fcr ein gutes Risotto empfehlen wir mindestens 5-6 Stigmen pro Portion. Gewicht: 1 Gramm.","og_url":"https:\/\/zafferanoticinus.it\/de\/prodotto\/safranblueten-1-g\/","og_site_name":"Zafferano Ticinus","article_modified_time":"2025-03-31T06:50:18+00:00","og_image":[{"width":1300,"height":900,"url":"https:\/\/zafferanoticinus.it\/wp-content\/uploads\/2024\/10\/Zafferano-5.jpg","type":"image\/jpeg"}],"twitter_card":"summary_large_image","twitter_misc":{"Gesch\u00e4tzte Lesezeit":"2\u00a0Minuten"},"schema":{"@context":"https:\/\/schema.org","@graph":[{"@type":"WebPage","@id":"https:\/\/zafferanoticinus.it\/de\/prodotto\/safranblueten-1-g\/","url":"https:\/\/zafferanoticinus.it\/de\/prodotto\/safranblueten-1-g\/","name":"Safranbl\u00fcten - 1 g - Zafferano Ticinus","isPartOf":{"@id":"https:\/\/zafferanoticinus.it\/en\/#website"},"primaryImageOfPage":{"@id":"https:\/\/zafferanoticinus.it\/de\/prodotto\/safranblueten-1-g\/#primaryimage"},"image":{"@id":"https:\/\/zafferanoticinus.it\/de\/prodotto\/safranblueten-1-g\/#primaryimage"},"thumbnailUrl":"https:\/\/zafferanoticinus.it\/wp-content\/uploads\/2024\/10\/Zafferano-5.jpg","datePublished":"2024-10-07T11:26:39+00:00","dateModified":"2025-03-31T06:50:18+00:00","breadcrumb":{"@id":"https:\/\/zafferanoticinus.it\/de\/prodotto\/safranblueten-1-g\/#breadcrumb"},"inLanguage":"de","potentialAction":[{"@type":"ReadAction","target":["https:\/\/zafferanoticinus.it\/de\/prodotto\/safranblueten-1-g\/"]}]},{"@type":"ImageObject","inLanguage":"de","@id":"https:\/\/zafferanoticinus.it\/de\/prodotto\/safranblueten-1-g\/#primaryimage","url":"https:\/\/zafferanoticinus.it\/wp-content\/uploads\/2024\/10\/Zafferano-5.jpg","contentUrl":"https:\/\/zafferanoticinus.it\/wp-content\/uploads\/2024\/10\/Zafferano-5.jpg","width":1300,"height":900,"caption":"Ticinus Safran Packung"},{"@type":"BreadcrumbList","@id":"https:\/\/zafferanoticinus.it\/de\/prodotto\/safranblueten-1-g\/#breadcrumb","itemListElement":[{"@type":"ListItem","position":1,"name":"Home","item":"https:\/\/zafferanoticinus.it\/de\/"},{"@type":"ListItem","position":2,"name":"Shop","item":"https:\/\/zafferanoticinus.it\/de\/shop\/"},{"@type":"ListItem","position":3,"name":"Safranbl\u00fcten &#8211; 1 g"}]},{"@type":"WebSite","@id":"https:\/\/zafferanoticinus.it\/en\/#website","url":"https:\/\/zafferanoticinus.it\/en\/","name":"Zafferano Ticinus","description":"Zafferano in pistilli","publisher":{"@id":"https:\/\/zafferanoticinus.it\/en\/#organization"},"potentialAction":[{"@type":"SearchAction","target":{"@type":"EntryPoint","urlTemplate":"https:\/\/zafferanoticinus.it\/en\/?s={search_term_string}"},"query-input":{"@type":"PropertyValueSpecification","valueRequired":true,"valueName":"search_term_string"}}],"inLanguage":"de"},{"@type":"Organization","@id":"https:\/\/zafferanoticinus.it\/en\/#organization","name":"Zafferano Ticinus","url":"https:\/\/zafferanoticinus.it\/en\/","logo":{"@type":"ImageObject","inLanguage":"de","@id":"https:\/\/zafferanoticinus.it\/en\/#\/schema\/logo\/image\/","url":"https:\/\/zafferanoticinus.it\/wp-content\/uploads\/2024\/07\/Logo.png","contentUrl":"https:\/\/zafferanoticinus.it\/wp-content\/uploads\/2024\/07\/Logo.png","width":572,"height":367,"caption":"Zafferano Ticinus"},"image":{"@id":"https:\/\/zafferanoticinus.it\/en\/#\/schema\/logo\/image\/"},"sameAs":["https:\/\/www.instagram.com\/zafferano_ticinus\/"]}]}},"_links":{"self":[{"href":"https:\/\/zafferanoticinus.it\/de\/wp-json\/wp\/v2\/product\/1119","targetHints":{"allow":["GET"]}}],"collection":[{"href":"https:\/\/zafferanoticinus.it\/de\/wp-json\/wp\/v2\/product"}],"about":[{"href":"https:\/\/zafferanoticinus.it\/de\/wp-json\/wp\/v2\/types\/product"}],"wp:featuredmedia":[{"embeddable":true,"href":"https:\/\/zafferanoticinus.it\/de\/wp-json\/wp\/v2\/media\/919"}],"wp:attachment":[{"href":"https:\/\/zafferanoticinus.it\/de\/wp-json\/wp\/v2\/media?parent=1119"}],"wp:term":[{"taxonomy":"product_brand","embeddable":true,"href":"https:\/\/zafferanoticinus.it\/de\/wp-json\/wp\/v2\/product_brand?post=1119"},{"taxonomy":"product_cat","embeddable":true,"href":"https:\/\/zafferanoticinus.it\/de\/wp-json\/wp\/v2\/product_cat?post=1119"},{"taxonomy":"product_tag","embeddable":true,"href":"https:\/\/zafferanoticinus.it\/de\/wp-json\/wp\/v2\/product_tag?post=1119"}],"curies":[{"name":"wp","href":"https:\/\/api.w.org\/{rel}","templated":true}]}}