{"id":1009,"date":"2024-10-01T08:58:39","date_gmt":"2024-10-01T08:58:39","guid":{"rendered":"https:\/\/zafferanoticinus.it\/sobre-nosotros\/"},"modified":"2025-02-24T12:18:03","modified_gmt":"2025-02-24T12:18:03","slug":"sobre-nosotros","status":"publish","type":"page","link":"https:\/\/zafferanoticinus.it\/es\/sobre-nosotros\/","title":{"rendered":"Sobre nosotros"},"content":{"rendered":"<p>[et_pb_section fb_built=\u00bb1&#8243; admin_label=\u00bbHeader\u00bb _builder_version=\u00bb4.27.0&#8243; _module_preset=\u00bbdefault\u00bb use_background_color_gradient=\u00bbon\u00bb background_color_gradient_type=\u00bbcircular\u00bb background_color_gradient_stops=\u00bbrgba(0,0,0,0.2) 0%|rgba(0,0,0,0.5) 100%\u00bb background_color_gradient_overlays_image=\u00bbon\u00bb background_image=\u00bbhttps:\/\/zafferanoticinus.it\/wp-content\/uploads\/2024\/10\/Bulbi-5.jpg\u00bb custom_margin=\u00bb90px||||false|false\u00bb custom_margin_tablet=\u00bb80px||||false|false\u00bb custom_margin_phone=\u00bb80px||||false|false\u00bb custom_margin_last_edited=\u00bbon|desktop\u00bb custom_padding=\u00bb6vw||||false|false\u00bb locked=\u00bboff\u00bb collapsed=\u00bboff\u00bb global_colors_info=\u00bb{}\u00bb][et_pb_row _builder_version=\u00bb4.24.2&#8243; _module_preset=\u00bbdefault\u00bb width=\u00bb90%\u00bb max_width=\u00bbnone\u00bb global_colors_info=\u00bb{}\u00bb][et_pb_column type=\u00bb4_4&#8243; _builder_version=\u00bb4.24.1&#8243; _module_preset=\u00bbdefault\u00bb global_colors_info=\u00bb{}\u00bb][et_pb_image src=\u00bbhttps:\/\/zafferanoticinus.it\/wp-content\/uploads\/2024\/09\/T.svg\u00bb title_text=\u00bbT\u00bb align=\u00bbcenter\u00bb disabled_on=\u00bbon|off|off\u00bb _builder_version=\u00bb4.27.0&#8243; _module_preset=\u00bbdefault\u00bb max_width=\u00bb24vw\u00bb max_width_tablet=\u00bb40vw\u00bb max_width_phone=\u00bb40vw\u00bb max_width_last_edited=\u00bbon|phone\u00bb custom_margin=\u00bb||10px||false|false\u00bb global_colors_info=\u00bb{}\u00bb][\/et_pb_image][et_pb_text _builder_version=\u00bb4.27.0&#8243; _module_preset=\u00bbdbaf4c12-b66e-4401-a72f-551e972b1cf8&#8243; text_text_color=\u00bb#aa0a0e\u00bb header_font=\u00bbMontserrat|700||on|||||\u00bb header_text_color=\u00bb#FFFFFF\u00bb header_font_size=\u00bb6vw\u00bb header_letter_spacing=\u00bb2px\u00bb header_line_height=\u00bb1em\u00bb text_orientation=\u00bbcenter\u00bb custom_margin=\u00bb||10px||false|false\u00bb custom_padding=\u00bb10px||||false|false\u00bb custom_padding_tablet=\u00bb10px||||false|false\u00bb custom_padding_phone=\u00bb10px||||false|false\u00bb custom_padding_last_edited=\u00bbon|tablet\u00bb header_font_size_tablet=\u00bb10vw\u00bb header_font_size_phone=\u00bb10vw\u00bb header_font_size_last_edited=\u00bbon|phone\u00bb global_colors_info=\u00bb{}\u00bb]<\/p>\n<h1>Sobre nosotros<\/h1>\n<p>[\/et_pb_text][et_pb_text quote_border_color=\u00bb#FFFFFF\u00bb _builder_version=\u00bb4.27.0&#8243; _module_preset=\u00bbe570e40f-87d2-43e1-b827-6ba3414c4228&#8243; text_font=\u00bbMontserrat|700||on|||||\u00bb text_text_color=\u00bb#FFFFFF\u00bb text_font_size=\u00bb26px\u00bb text_letter_spacing=\u00bb2px\u00bb link_text_color=\u00bb#FFFFFF\u00bb quote_text_color=\u00bb#FFFFFF\u00bb text_orientation=\u00bbcenter\u00bb max_width=\u00bb900px\u00bb module_alignment=\u00bbcenter\u00bb global_colors_info=\u00bb{}\u00bb]E C\u00f3mo producimos el azafr\u00e1n[\/et_pb_text][et_pb_button button_url=\u00bb@ET-DC@eyJkeW5hbWljIjp0cnVlLCJjb250ZW50IjoicG9zdF9saW5rX3VybF9wYWdlIiwic2V0dGluZ3MiOnsicG9zdF9pZCI6IjM1NSIsImVuYWJsZV9odG1sIjoib2ZmIn19@\u00bb button_text=\u00bbComprar en l\u00ednea\u00bb button_alignment=\u00bbcenter\u00bb _builder_version=\u00bb4.27.2&#8243; _dynamic_attributes=\u00bbbutton_url\u00bb _module_preset=\u00bb7b7c8842-3019-4939-9b06-be17f1003f20&#8243; global_colors_info=\u00bb{}\u00bb][\/et_pb_button][\/et_pb_column][\/et_pb_row][\/et_pb_section][et_pb_section fb_built=\u00bb1&#8243; admin_label=\u00bbAbout\u00bb _builder_version=\u00bb4.27.0&#8243; _module_preset=\u00bbdefault\u00bb custom_padding=\u00bb8vw||8vw||true|false\u00bb collapsed=\u00bbon\u00bb global_colors_info=\u00bb{}\u00bb][et_pb_row _builder_version=\u00bb4.24.1&#8243; _module_preset=\u00bbdefault\u00bb global_colors_info=\u00bb{}\u00bb][et_pb_column type=\u00bb4_4&#8243; _builder_version=\u00bb4.24.1&#8243; _module_preset=\u00bbdefault\u00bb global_colors_info=\u00bb{}\u00bb][et_pb_text content_tablet=\u00bbUN PRODUCTO ARTESANAL\u00bb content_phone=\u00bbUN PRODUCTO ARTESANAL\u00bb content_last_edited=\u00bbon|phone\u00bb _builder_version=\u00bb4.27.0&#8243; _module_preset=\u00bbbdfd5da0-282b-409d-8ad3-ac7c53a15e18&#8243; text_font=\u00bbMontserrat|700||on|||||\u00bb text_text_color=\u00bb#ba9658&#8243; text_letter_spacing=\u00bb1px\u00bb global_colors_info=\u00bb{}\u00bb]UN PRODUCTO ARTESANAL[\/et_pb_text][et_pb_text _builder_version=\u00bb4.27.0&#8243; _module_preset=\u00bbd00c9978-c293-44bd-91df-8f0a2e84e5b7&#8243; text_font=\u00bbShippori Mincho||||||||\u00bb text_text_color=\u00bb#333333&#8243; text_font_size=\u00bb52px\u00bb text_line_height=\u00bb1.3em\u00bb text_font_size_tablet=\u00bb28px\u00bb text_font_size_phone=\u00bb16px\u00bb text_font_size_last_edited=\u00bbon|phone\u00bb locked=\u00bboff\u00bb global_colors_info=\u00bb{}\u00bb]Somos cultivadores que cuidamos con pasi\u00f3n cada paso de la producci\u00f3n de nuestro azafr\u00e1n para ofrecer un producto de excelencia.[\/et_pb_text][et_pb_image src=\u00bbhttps:\/\/zafferanoticinus.it\/wp-content\/uploads\/2024\/10\/Chi-siamo.jpg\u00bb alt=\u00bbAgricultores\u00bb title_text=\u00bbAgricultores\u00bb align=\u00bbcenter\u00bb force_fullwidth=\u00bbon\u00bb src_tablet=\u00bbhttps:\/\/zafferanoticinus.it\/wp-content\/uploads\/2024\/10\/Chi-siamo.jpg\u00bb src_phone=\u00bbhttps:\/\/zafferanoticinus.it\/wp-content\/uploads\/2024\/10\/Chi-siamo-3.jpg\u00bb src_last_edited=\u00bbon|desktop\u00bb _builder_version=\u00bb4.27.2&#8243; _module_preset=\u00bbdefault\u00bb custom_padding=\u00bb30px||||false|false\u00bb locked=\u00bboff\u00bb global_colors_info=\u00bb{}\u00bb][\/et_pb_image][\/et_pb_column][\/et_pb_row][et_pb_row _builder_version=\u00bb4.27.0&#8243; _module_preset=\u00bbdefault\u00bb custom_padding=\u00bb40px||||false|false\u00bb locked=\u00bboff\u00bb global_colors_info=\u00bb{}\u00bb][et_pb_column type=\u00bb4_4&#8243; _builder_version=\u00bb4.24.1&#8243; _module_preset=\u00bbdefault\u00bb global_colors_info=\u00bb{}\u00bb][et_pb_text _builder_version=\u00bb4.27.0&#8243; _module_preset=\u00bbd00c9978-c293-44bd-91df-8f0a2e84e5b7&#8243; link_font=\u00bb||||on||||\u00bb header_2_font=\u00bbShippori Mincho|700|||||||\u00bb header_2_font_size=\u00bb52px\u00bb header_2_line_height=\u00bb1.3em\u00bb custom_margin=\u00bb||10px||false|false\u00bb header_2_font_size_tablet=\u00bb34px\u00bb header_2_font_size_phone=\u00bb28px\u00bb header_2_font_size_last_edited=\u00bbon|desktop\u00bb locked=\u00bboff\u00bb global_colors_info=\u00bb{}\u00bb]<\/p>\n<h2>Azafr\u00e1n cultivado a mano<\/h2>\n<p>[\/et_pb_text][et_pb_text _builder_version=\u00bb4.27.0&#8243; _module_preset=\u00bbbdfd5da0-282b-409d-8ad3-ac7c53a15e18&#8243; text_font=\u00bbMontserrat|700||on|||||\u00bb text_text_color=\u00bb#ba9658&#8243; text_letter_spacing=\u00bb1px\u00bb custom_padding=\u00bb30px||||false|false\u00bb locked=\u00bboff\u00bb global_colors_info=\u00bb{}\u00bb]valoramos la artesan\u00eda y el respeto al medio ambiente[\/et_pb_text][et_pb_text _builder_version=\u00bb4.27.0&#8243; _module_preset=\u00bbbdfd5da0-282b-409d-8ad3-ac7c53a15e18&#8243; text_font=\u00bbMontserrat||||||||\u00bb text_text_color=\u00bb#000000&#8243; text_letter_spacing=\u00bb1px\u00bb link_text_color=\u00bb#000000&#8243; locked=\u00bboff\u00bb global_colors_info=\u00bb{}\u00bb]Somos una familia que vive en el campo, al suroeste de Mil\u00e1n, donde decidimos cultivar esta maravillosa especia en el <strong>Parque Lombardo del Valle del Tesino<\/strong>. En 2022, iniciamos una amplia investigaci\u00f3n para comprender mejor el producto y su potencial. Tras adquirir conocimientos, empezamos a producir azafr\u00e1n, realizando inicialmente un peque\u00f1o experimento para uso personal.<\/p>\n<p>Nuestro objetivo es ofrecer a los consumidores <strong>un azafr\u00e1n sano, obtenido sin herbicidas ni pesticidas<\/strong>, siguiendo pr\u00e1cticas ecol\u00f3gicas. S\u00f3lo utilizamos m\u00e1quinas para preparar la tierra; todos los dem\u00e1s pasos, desde la plantaci\u00f3n de los bulbos hasta la recolecci\u00f3n del azafr\u00e1n, se realizan completamente a mano, para garantizar la m\u00e1xima calidad y el respeto por el medio ambiente.[\/et_pb_text][et_pb_image src=\u00bbhttps:\/\/zafferanoticinus.it\/wp-content\/uploads\/2024\/10\/Chi-siamo-1.jpg\u00bb alt=\u00bbStefano Russo\u00bb title_text=\u00bbStefano Russo\u00bb align=\u00bbcenter\u00bb force_fullwidth=\u00bbon\u00bb src_tablet=\u00bbhttps:\/\/zafferanoticinus.it\/wp-content\/uploads\/2024\/10\/Chi-siamo-1.jpg\u00bb src_phone=\u00bbhttps:\/\/zafferanoticinus.it\/wp-content\/uploads\/2024\/10\/Chi-siamo-2.jpg\u00bb src_last_edited=\u00bbon|phone\u00bb _builder_version=\u00bb4.27.2&#8243; _module_preset=\u00bbdefault\u00bb custom_padding=\u00bb30px||||false|false\u00bb locked=\u00bboff\u00bb global_colors_info=\u00bb{}\u00bb][\/et_pb_image][\/et_pb_column][\/et_pb_row][et_pb_row _builder_version=\u00bb4.27.0&#8243; _module_preset=\u00bbdefault\u00bb custom_padding=\u00bb40px||||false|false\u00bb locked=\u00bboff\u00bb global_colors_info=\u00bb{}\u00bb][et_pb_column type=\u00bb4_4&#8243; _builder_version=\u00bb4.24.1&#8243; _module_preset=\u00bbdefault\u00bb global_colors_info=\u00bb{}\u00bb][et_pb_text _builder_version=\u00bb4.27.0&#8243; _module_preset=\u00bbd00c9978-c293-44bd-91df-8f0a2e84e5b7&#8243; link_font=\u00bb||||on||||\u00bb header_2_font=\u00bbShippori Mincho|700|||||||\u00bb header_2_font_size=\u00bb52px\u00bb header_2_line_height=\u00bb1.3em\u00bb custom_margin=\u00bb||10px||false|false\u00bb header_2_font_size_tablet=\u00bb34px\u00bb header_2_font_size_phone=\u00bb28px\u00bb header_2_font_size_last_edited=\u00bbon|desktop\u00bb locked=\u00bboff\u00bb global_colors_info=\u00bb{}\u00bb]<\/p>\n<h2>Azafr\u00e1n km 0<\/h2>\n<p>[\/et_pb_text][et_pb_text _builder_version=\u00bb4.27.0&#8243; _module_preset=\u00bbbdfd5da0-282b-409d-8ad3-ac7c53a15e18&#8243; text_font=\u00bbMontserrat|700||on|||||\u00bb text_text_color=\u00bb#ba9658&#8243; text_letter_spacing=\u00bb1px\u00bb custom_padding=\u00bb30px||||false|false\u00bb locked=\u00bboff\u00bb global_colors_info=\u00bb{}\u00bb]Producido en los campos del Parque del Tesino[\/et_pb_text][et_pb_text _builder_version=\u00bb4.27.0&#8243; _module_preset=\u00bbbdfd5da0-282b-409d-8ad3-ac7c53a15e18&#8243; text_font=\u00bbMontserrat||||||||\u00bb text_text_color=\u00bb#000000&#8243; text_letter_spacing=\u00bb1px\u00bb link_text_color=\u00bb#000000&#8243; locked=\u00bboff\u00bb global_colors_info=\u00bb{}\u00bb]Estamos situados en el pintoresco Parco Lombardo della Valle del Ticino, una zona natural protegida que ofrece un entorno ideal para el cultivo del azafr\u00e1n. Aqu\u00ed, el encantador paisaje, caracterizado por cursos de agua, bosques y campos verdes, crea un h\u00e1bitat perfecto para nuestros bulbos. La belleza de este lugar nos inspira cada d\u00eda y nos recuerda la importancia de preservar el entorno en el que vivimos y trabajamos.<\/p>\n<p>El clima favorable y la riqueza del suelo son elementos esenciales que contribuyen a la calidad de nuestro azafr\u00e1n. En este rinc\u00f3n del para\u00edso, podemos practicar la agricultura de forma sostenible, respetando el ciclo natural de las estaciones. Cada a\u00f1o, esperamos con impaciencia la floraci\u00f3n de nuestros bulbos, un momento que marca el inicio de un nuevo ciclo de producci\u00f3n y nos llena de alegr\u00eda.<\/p>\n<p>Trabajar en este contexto nos permite tener una profunda conexi\u00f3n con la tierra y los ritmos de la naturaleza. Cada cosecha es una oportunidad de celebrar nuestra conexi\u00f3n con esta maravillosa tierra y de compartir contigo el fruto de nuestros esfuerzos. Estamos orgullosos de poder ofrecer un azafr\u00e1n que no s\u00f3lo enriquece tu mesa, sino que tambi\u00e9n aporta la historia y la belleza del Parco Lombardo della Valle del Ticino.[\/et_pb_text][et_pb_image src=\u00bbhttps:\/\/zafferanoticinus.it\/wp-content\/uploads\/2024\/10\/Bulbi-6.jpg\u00bb alt=\u00bbBulbos de azafr\u00e1n\u00bb title_text=\u00bbBulbos de azafr\u00e1n\u00bb align=\u00bbcenter\u00bb force_fullwidth=\u00bbon\u00bb src_tablet=\u00bbhttps:\/\/zafferanoticinus.it\/wp-content\/uploads\/2024\/10\/Bulbi-6.jpg\u00bb src_phone=\u00bbhttps:\/\/zafferanoticinus.it\/wp-content\/uploads\/2024\/10\/Bulbi-7.jpg\u00bb src_last_edited=\u00bbon|phone\u00bb _builder_version=\u00bb4.27.2&#8243; _module_preset=\u00bbdefault\u00bb custom_padding=\u00bb30px||||false|false\u00bb locked=\u00bboff\u00bb global_colors_info=\u00bb{}\u00bb][\/et_pb_image][\/et_pb_column][\/et_pb_row][et_pb_row _builder_version=\u00bb4.27.0&#8243; _module_preset=\u00bbdefault\u00bb custom_padding=\u00bb40px||||false|false\u00bb locked=\u00bboff\u00bb global_colors_info=\u00bb{}\u00bb][et_pb_column type=\u00bb4_4&#8243; _builder_version=\u00bb4.24.1&#8243; _module_preset=\u00bbdefault\u00bb global_colors_info=\u00bb{}\u00bb][et_pb_text _builder_version=\u00bb4.27.0&#8243; _module_preset=\u00bbd00c9978-c293-44bd-91df-8f0a2e84e5b7&#8243; link_font=\u00bb||||on||||\u00bb header_2_font=\u00bbShippori Mincho|700|||||||\u00bb header_2_font_size=\u00bb52px\u00bb header_2_line_height=\u00bb1.3em\u00bb custom_margin=\u00bb||10px||false|false\u00bb header_2_font_size_tablet=\u00bb34px\u00bb header_2_font_size_phone=\u00bb28px\u00bb header_2_font_size_last_edited=\u00bbon|desktop\u00bb locked=\u00bboff\u00bb global_colors_info=\u00bb{}\u00bb]<\/p>\n<h2>C\u00f3mo utilizar el azafr\u00e1n en la cocina<\/h2>\n<p>[\/et_pb_text][et_pb_text _builder_version=\u00bb4.27.0&#8243; _module_preset=\u00bbbdfd5da0-282b-409d-8ad3-ac7c53a15e18&#8243; text_font=\u00bbMontserrat|700||on|||||\u00bb text_text_color=\u00bb#ba9658&#8243; text_letter_spacing=\u00bb1px\u00bb custom_padding=\u00bb30px||||false|false\u00bb locked=\u00bboff\u00bb global_colors_info=\u00bb{}\u00bb]&nbsp;RECETAS DONDE EL AZAFR\u00c1N ES PROTAGONISTA:[\/et_pb_text][et_pb_text _builder_version=\u00bb4.27.0&#8243; _module_preset=\u00bbbdfd5da0-282b-409d-8ad3-ac7c53a15e18&#8243; text_font=\u00bbMontserrat||||||||\u00bb text_text_color=\u00bb#000000&#8243; text_letter_spacing=\u00bb1px\u00bb link_text_color=\u00bb#000000&#8243; locked=\u00bboff\u00bb global_colors_info=\u00bb{}\u00bb]<\/p>\n<p>Para aprovecharla mejor, es aconsejable dejarla reposar en un l\u00edquido caliente, como caldo o agua, antes de a\u00f1adirla a las preparaciones. De este modo, se liberan todas sus cualidades arom\u00e1ticas, haciendo de cada plato una experiencia culinaria extraordinaria.<\/p>\n<p>[\/et_pb_text][et_pb_blog fullwidth=\u00bboff\u00bb include_categories=\u00bb5&#8243; use_manual_excerpt=\u00bboff\u00bb show_more=\u00bbon\u00bb show_author=\u00bboff\u00bb show_date=\u00bboff\u00bb show_categories=\u00bboff\u00bb show_excerpt=\u00bboff\u00bb _builder_version=\u00bb4.27.0&#8243; _module_preset=\u00bbdefault\u00bb header_font=\u00bbShippori Mincho||||||||\u00bb header_font_size=\u00bb20px\u00bb body_font=\u00bbMontserrat||||||||\u00bb read_more_font=\u00bbShippori Mincho||||||||\u00bb read_more_text_color=\u00bb#ba9658&#8243; custom_padding=\u00bb10px||||false|false\u00bb custom_padding_tablet=\u00bb||||false|false\u00bb custom_padding_phone=\u00bb||||false|false\u00bb custom_padding_last_edited=\u00bbon|phone\u00bb border_color_all=\u00bb#ba9658&#8243; global_colors_info=\u00bb{}\u00bb][\/et_pb_blog][\/et_pb_column][\/et_pb_row][\/et_pb_section][et_pb_section fb_built=\u00bb1&#8243; admin_label=\u00bbCall to Action\u00bb _builder_version=\u00bb4.27.0&#8243; _module_preset=\u00bbdefault\u00bb use_background_color_gradient=\u00bbon\u00bb background_color_gradient_type=\u00bbcircular\u00bb background_color_gradient_stops=\u00bbrgba(0,0,0,0.5) 61%|#000000 100%\u00bb background_color_gradient_overlays_image=\u00bbon\u00bb background_image=\u00bbhttps:\/\/zafferanoticinus.it\/wp-content\/uploads\/2024\/09\/Sfondo-5.jpg\u00bb custom_padding=\u00bb8%||8%||true|false\u00bb locked=\u00bboff\u00bb collapsed=\u00bbon\u00bb global_colors_info=\u00bb{}\u00bb][et_pb_row _builder_version=\u00bb4.27.0&#8243; _module_preset=\u00bbdefault\u00bb max_width=\u00bb900px\u00bb global_colors_info=\u00bb{}\u00bb][et_pb_column type=\u00bb4_4&#8243; _builder_version=\u00bb4.24.1&#8243; _module_preset=\u00bbdefault\u00bb global_colors_info=\u00bb{}\u00bb][et_pb_text _builder_version=\u00bb4.27.0&#8243; _module_preset=\u00bb1aab53cb-95d2-41b3-a8c8-da4ebcc2bce1&#8243; text_font=\u00bbShippori Mincho||||||||\u00bb text_text_color=\u00bb#FFFFFF\u00bb text_font_size=\u00bb62px\u00bb text_line_height=\u00bb1.2em\u00bb header_2_text_color=\u00bb#FFFFFF\u00bb text_orientation=\u00bbcenter\u00bb text_font_size_tablet=\u00bb32px\u00bb text_font_size_phone=\u00bb20px\u00bb text_font_size_last_edited=\u00bbon|desktop\u00bb global_colors_info=\u00bb{}\u00bb]<\/p>\n<p>\u00a1Puedes recibir nuestro <strong>Oro en Pistilos<\/strong><br \/>directamente en tu casa!<\/p>\n<p>[\/et_pb_text][et_pb_button button_url=\u00bb@ET-DC@eyJkeW5hbWljIjp0cnVlLCJjb250ZW50IjoicG9zdF9saW5rX3VybF9wYWdlIiwic2V0dGluZ3MiOnsicG9zdF9pZCI6IjM1NSIsImVuYWJsZV9odG1sIjoib2ZmIn19@\u00bb button_text=\u00bbComprar en l\u00ednea\u00bb button_alignment=\u00bbcenter\u00bb _builder_version=\u00bb4.27.2&#8243; _dynamic_attributes=\u00bbbutton_url\u00bb _module_preset=\u00bb5c8640f6-8435-4657-aeb0-145d8e2100cf\u00bb global_colors_info=\u00bb{}\u00bb][\/et_pb_button][\/et_pb_column][\/et_pb_row][\/et_pb_section]<\/p>\n","protected":false},"excerpt":{"rendered":"<p>Sobre nosotrosE C\u00f3mo producimos el azafr\u00e1nUN PRODUCTO ARTESANALSomos cultivadores que cuidamos con pasi\u00f3n cada paso de la producci\u00f3n de nuestro azafr\u00e1n para ofrecer un producto de excelencia.Azafr\u00e1n cultivado a manovaloramos la artesan\u00eda y el respeto al medio ambienteSomos una familia que vive en el campo, al suroeste de Mil\u00e1n, donde decidimos cultivar esta maravillosa especia [&hellip;]<\/p>\n","protected":false},"author":1,"featured_media":0,"parent":0,"menu_order":0,"comment_status":"closed","ping_status":"closed","template":"","meta":{"_et_pb_use_builder":"on","_et_pb_old_content":"","_et_gb_content_width":"","inline_featured_image":false,"footnotes":""},"class_list":["post-1009","page","type-page","status-publish","hentry"],"yoast_head":"<!-- This site is optimized with the Yoast SEO plugin v26.8 - https:\/\/yoast.com\/product\/yoast-seo-wordpress\/ -->\n<title>Sobre nosotros - Zafferano Ticinus<\/title>\n<meta name=\"robots\" content=\"index, follow, max-snippet:-1, max-image-preview:large, max-video-preview:-1\" \/>\n<link rel=\"canonical\" href=\"https:\/\/zafferanoticinus.it\/chi-siamo\/\" \/>\n<meta property=\"og:locale\" content=\"es_ES\" \/>\n<meta property=\"og:type\" content=\"article\" \/>\n<meta property=\"og:title\" content=\"Sobre nosotros - Zafferano Ticinus\" \/>\n<meta property=\"og:description\" content=\"Sobre nosotrosE C\u00f3mo producimos el azafr\u00e1nUN PRODUCTO ARTESANALSomos cultivadores que cuidamos con pasi\u00f3n cada paso de la producci\u00f3n de nuestro azafr\u00e1n para ofrecer un producto de excelencia.Azafr\u00e1n cultivado a manovaloramos la artesan\u00eda y el respeto al medio ambienteSomos una familia que vive en el campo, al suroeste de Mil\u00e1n, donde decidimos cultivar esta maravillosa especia [&hellip;]\" \/>\n<meta property=\"og:url\" content=\"https:\/\/zafferanoticinus.it\/chi-siamo\/\" \/>\n<meta property=\"og:site_name\" content=\"Zafferano Ticinus\" \/>\n<meta property=\"article:modified_time\" content=\"2025-02-24T12:18:03+00:00\" \/>\n<meta name=\"twitter:card\" content=\"summary_large_image\" \/>\n<meta name=\"twitter:label1\" content=\"Tiempo de lectura\" \/>\n\t<meta name=\"twitter:data1\" content=\"10 minutos\" \/>\n<script type=\"application\/ld+json\" class=\"yoast-schema-graph\">{\"@context\":\"https:\/\/schema.org\",\"@graph\":[{\"@type\":\"WebPage\",\"@id\":\"https:\/\/zafferanoticinus.it\/chi-siamo\/\",\"url\":\"https:\/\/zafferanoticinus.it\/chi-siamo\/\",\"name\":\"Sobre nosotros - Zafferano Ticinus\",\"isPartOf\":{\"@id\":\"https:\/\/zafferanoticinus.it\/en\/#website\"},\"datePublished\":\"2024-10-01T08:58:39+00:00\",\"dateModified\":\"2025-02-24T12:18:03+00:00\",\"breadcrumb\":{\"@id\":\"https:\/\/zafferanoticinus.it\/chi-siamo\/#breadcrumb\"},\"inLanguage\":\"es\",\"potentialAction\":[{\"@type\":\"ReadAction\",\"target\":[\"https:\/\/zafferanoticinus.it\/chi-siamo\/\"]}]},{\"@type\":\"BreadcrumbList\",\"@id\":\"https:\/\/zafferanoticinus.it\/chi-siamo\/#breadcrumb\",\"itemListElement\":[{\"@type\":\"ListItem\",\"position\":1,\"name\":\"Home\",\"item\":\"https:\/\/zafferanoticinus.it\/es\/\"},{\"@type\":\"ListItem\",\"position\":2,\"name\":\"Sobre nosotros\"}]},{\"@type\":\"WebSite\",\"@id\":\"https:\/\/zafferanoticinus.it\/en\/#website\",\"url\":\"https:\/\/zafferanoticinus.it\/en\/\",\"name\":\"Zafferano Ticinus\",\"description\":\"Zafferano in pistilli\",\"publisher\":{\"@id\":\"https:\/\/zafferanoticinus.it\/en\/#organization\"},\"potentialAction\":[{\"@type\":\"SearchAction\",\"target\":{\"@type\":\"EntryPoint\",\"urlTemplate\":\"https:\/\/zafferanoticinus.it\/en\/?s={search_term_string}\"},\"query-input\":{\"@type\":\"PropertyValueSpecification\",\"valueRequired\":true,\"valueName\":\"search_term_string\"}}],\"inLanguage\":\"es\"},{\"@type\":\"Organization\",\"@id\":\"https:\/\/zafferanoticinus.it\/en\/#organization\",\"name\":\"Zafferano Ticinus\",\"url\":\"https:\/\/zafferanoticinus.it\/en\/\",\"logo\":{\"@type\":\"ImageObject\",\"inLanguage\":\"es\",\"@id\":\"https:\/\/zafferanoticinus.it\/en\/#\/schema\/logo\/image\/\",\"url\":\"https:\/\/zafferanoticinus.it\/wp-content\/uploads\/2024\/07\/Logo.png\",\"contentUrl\":\"https:\/\/zafferanoticinus.it\/wp-content\/uploads\/2024\/07\/Logo.png\",\"width\":572,\"height\":367,\"caption\":\"Zafferano Ticinus\"},\"image\":{\"@id\":\"https:\/\/zafferanoticinus.it\/en\/#\/schema\/logo\/image\/\"},\"sameAs\":[\"https:\/\/www.instagram.com\/zafferano_ticinus\/\"]}]}<\/script>\n<!-- \/ Yoast SEO plugin. -->","yoast_head_json":{"title":"Sobre nosotros - Zafferano Ticinus","robots":{"index":"index","follow":"follow","max-snippet":"max-snippet:-1","max-image-preview":"max-image-preview:large","max-video-preview":"max-video-preview:-1"},"canonical":"https:\/\/zafferanoticinus.it\/chi-siamo\/","og_locale":"es_ES","og_type":"article","og_title":"Sobre nosotros - Zafferano Ticinus","og_description":"Sobre nosotrosE C\u00f3mo producimos el azafr\u00e1nUN PRODUCTO ARTESANALSomos cultivadores que cuidamos con pasi\u00f3n cada paso de la producci\u00f3n de nuestro azafr\u00e1n para ofrecer un producto de excelencia.Azafr\u00e1n cultivado a manovaloramos la artesan\u00eda y el respeto al medio ambienteSomos una familia que vive en el campo, al suroeste de Mil\u00e1n, donde decidimos cultivar esta maravillosa especia [&hellip;]","og_url":"https:\/\/zafferanoticinus.it\/chi-siamo\/","og_site_name":"Zafferano Ticinus","article_modified_time":"2025-02-24T12:18:03+00:00","twitter_card":"summary_large_image","twitter_misc":{"Tiempo de lectura":"10 minutos"},"schema":{"@context":"https:\/\/schema.org","@graph":[{"@type":"WebPage","@id":"https:\/\/zafferanoticinus.it\/chi-siamo\/","url":"https:\/\/zafferanoticinus.it\/chi-siamo\/","name":"Sobre nosotros - Zafferano Ticinus","isPartOf":{"@id":"https:\/\/zafferanoticinus.it\/en\/#website"},"datePublished":"2024-10-01T08:58:39+00:00","dateModified":"2025-02-24T12:18:03+00:00","breadcrumb":{"@id":"https:\/\/zafferanoticinus.it\/chi-siamo\/#breadcrumb"},"inLanguage":"es","potentialAction":[{"@type":"ReadAction","target":["https:\/\/zafferanoticinus.it\/chi-siamo\/"]}]},{"@type":"BreadcrumbList","@id":"https:\/\/zafferanoticinus.it\/chi-siamo\/#breadcrumb","itemListElement":[{"@type":"ListItem","position":1,"name":"Home","item":"https:\/\/zafferanoticinus.it\/es\/"},{"@type":"ListItem","position":2,"name":"Sobre nosotros"}]},{"@type":"WebSite","@id":"https:\/\/zafferanoticinus.it\/en\/#website","url":"https:\/\/zafferanoticinus.it\/en\/","name":"Zafferano Ticinus","description":"Zafferano in pistilli","publisher":{"@id":"https:\/\/zafferanoticinus.it\/en\/#organization"},"potentialAction":[{"@type":"SearchAction","target":{"@type":"EntryPoint","urlTemplate":"https:\/\/zafferanoticinus.it\/en\/?s={search_term_string}"},"query-input":{"@type":"PropertyValueSpecification","valueRequired":true,"valueName":"search_term_string"}}],"inLanguage":"es"},{"@type":"Organization","@id":"https:\/\/zafferanoticinus.it\/en\/#organization","name":"Zafferano Ticinus","url":"https:\/\/zafferanoticinus.it\/en\/","logo":{"@type":"ImageObject","inLanguage":"es","@id":"https:\/\/zafferanoticinus.it\/en\/#\/schema\/logo\/image\/","url":"https:\/\/zafferanoticinus.it\/wp-content\/uploads\/2024\/07\/Logo.png","contentUrl":"https:\/\/zafferanoticinus.it\/wp-content\/uploads\/2024\/07\/Logo.png","width":572,"height":367,"caption":"Zafferano Ticinus"},"image":{"@id":"https:\/\/zafferanoticinus.it\/en\/#\/schema\/logo\/image\/"},"sameAs":["https:\/\/www.instagram.com\/zafferano_ticinus\/"]}]}},"_links":{"self":[{"href":"https:\/\/zafferanoticinus.it\/es\/wp-json\/wp\/v2\/pages\/1009","targetHints":{"allow":["GET"]}}],"collection":[{"href":"https:\/\/zafferanoticinus.it\/es\/wp-json\/wp\/v2\/pages"}],"about":[{"href":"https:\/\/zafferanoticinus.it\/es\/wp-json\/wp\/v2\/types\/page"}],"author":[{"embeddable":true,"href":"https:\/\/zafferanoticinus.it\/es\/wp-json\/wp\/v2\/users\/1"}],"replies":[{"embeddable":true,"href":"https:\/\/zafferanoticinus.it\/es\/wp-json\/wp\/v2\/comments?post=1009"}],"version-history":[{"count":10,"href":"https:\/\/zafferanoticinus.it\/es\/wp-json\/wp\/v2\/pages\/1009\/revisions"}],"predecessor-version":[{"id":1268,"href":"https:\/\/zafferanoticinus.it\/es\/wp-json\/wp\/v2\/pages\/1009\/revisions\/1268"}],"wp:attachment":[{"href":"https:\/\/zafferanoticinus.it\/es\/wp-json\/wp\/v2\/media?parent=1009"}],"curies":[{"name":"wp","href":"https:\/\/api.w.org\/{rel}","templated":true}]}}